{"id":225,"date":"2026-03-30T15:55:21","date_gmt":"2026-03-30T13:55:21","guid":{"rendered":"https:\/\/fundacjafpa.pl\/?page_id=225"},"modified":"2026-04-01T04:36:09","modified_gmt":"2026-04-01T02:36:09","slug":"popularyzacja-nauki","status":"publish","type":"page","link":"https:\/\/fundacjafpa.pl\/pl_pl\/uslugi\/popularyzacja-nauki\/","title":{"rendered":"Popularyzacja nauki"},"content":{"rendered":"\n<div class=\"wp-block-group alignfull is-style-ext-preset--group--natural-1--section has-background-background-color has-background has-global-padding is-layout-constrained wp-container-core-group-is-layout-e955bbaf wp-block-group-is-layout-constrained\" style=\"margin-top:0;margin-bottom:0;padding-top:var(--wp--preset--spacing--70);padding-bottom:var(--wp--preset--spacing--70)\">\n<div class=\"wp-block-group alignwide ext-is-logical-start has-global-padding is-content-justification-center is-layout-constrained wp-container-core-group-is-layout-b213a085 wp-block-group-is-layout-constrained\">\n<h2 class=\"wp-block-heading ext-animate--on\">Popularyzacja nauki<\/h2>\n\n\n\n<p class=\"has-text-align-left ext-animate--on\">Nauka nie musi by\u0107 trudna ani niedost\u0119pna. W tej sekcji publikujemy interesuj\u0105ce artyku\u0142y popularnonaukowe, kt\u00f3re w przyst\u0119pny spos\u00f3b przybli\u017caj\u0105 zagadnienia z r\u00f3\u017cnych dziedzin wiedzy: od nauk \u015bcis\u0142ych i przyrodniczych, przez technologi\u0119, a\u017c po nauki spo\u0142eczne i humanistyczne.<\/p>\n\n\n\n<p class=\"has-text-align-left ext-animate--on\">Naszym celem jest pokazanie, \u017ce odkrycia naukowe maj\u0105 realny wp\u0142yw na codzienne \u017cycie oraz mog\u0105 by\u0107 \u017ar\u00f3d\u0142em inspiracji, ciekawo\u015bci i nowych pomys\u0142\u00f3w. Staramy si\u0119 przedstawia\u0107 z\u0142o\u017cone tematy w spos\u00f3b zrozumia\u0142y, rzetelny i interesuj\u0105cy dla szerokiego grona odbiorc\u00f3w.<\/p>\n<\/div>\n\n\n\n<div class=\"wp-block-columns alignwide is-layout-flex wp-container-core-columns-is-layout-87beb0d0 wp-block-columns-is-layout-flex\">\n<div class=\"wp-block-column is-vertically-aligned-stretch ext-animate--on is-layout-flow wp-container-core-column-is-layout-119bc444 wp-block-column-is-layout-flow\">\n<div class=\"wp-block-media-text is-stacked-on-mobile is-image-fill-element is-style-ext-preset--media-text--natural-1--card-1 has-tertiary-background-color has-background is-style-ext-preset--media-text--natural-1--card-1--2\"><figure class=\"wp-block-media-text__media\"><img loading=\"lazy\" decoding=\"async\" width=\"1024\" height=\"1024\" src=\"https:\/\/fundacjafpa.pl\/wp-content\/uploads\/2026\/03\/EN-1024x1024.png\" alt=\"\" class=\"wp-image-240 size-full\" style=\"object-position:50% 50%\" srcset=\"https:\/\/fundacjafpa.pl\/wp-content\/uploads\/2026\/03\/EN-1024x1024.png 1024w, https:\/\/fundacjafpa.pl\/wp-content\/uploads\/2026\/03\/EN-300x300.png 300w, https:\/\/fundacjafpa.pl\/wp-content\/uploads\/2026\/03\/EN-150x150.png 150w, https:\/\/fundacjafpa.pl\/wp-content\/uploads\/2026\/03\/EN-768x768.png 768w, https:\/\/fundacjafpa.pl\/wp-content\/uploads\/2026\/03\/EN-1536x1536.png 1536w, https:\/\/fundacjafpa.pl\/wp-content\/uploads\/2026\/03\/EN-12x12.png 12w, https:\/\/fundacjafpa.pl\/wp-content\/uploads\/2026\/03\/EN.png 1654w\" sizes=\"auto, (max-width: 1024px) 100vw, 1024px\" \/><\/figure><div class=\"wp-block-media-text__content\">\n<div class=\"wp-block-group is-style-default has-global-padding is-layout-constrained wp-container-core-group-is-layout-9a7b35d3 wp-block-group-is-layout-constrained\" style=\"padding-top:var(--wp--preset--spacing--40);padding-right:var(--wp--preset--spacing--30);padding-bottom:var(--wp--preset--spacing--40);padding-left:var(--wp--preset--spacing--30)\">\n<h3 class=\"wp-block-heading\" style=\"font-size:clamp(15.747px, 0.984rem + ((1vw - 3.2px) * 0.86), 24px);\"><strong><a href=\"https:\/\/fundacjafpa.pl\/laguna-zniknela-w-kilka-dni-wroclawscy-badacze-po-raz-pierwszy-uchwycili-z-satelity-arktyczna-powodz-glacjalna\/\" title=\"W ci\u0105gu kilku godzin arktyczna laguna przesta\u0142a istnie\u0107. \">W ci\u0105gu kilku godzin arktyczna laguna przesta\u0142a istnie\u0107. <\/a><\/strong><\/h3>\n\n\n\n<p class=\"has-small-font-size\">Historia o tym, jak wytapiaj\u0105cy si\u0119 lodowiec wywo\u0142a\u0142 pow\u00f3d\u017a, kt\u00f3ra w dwa tygodnie zmieni\u0142a arktyczny krajobraz.<\/p>\n<\/div>\n<\/div><\/div>\n<\/div>\n\n\n\n<div class=\"wp-block-column is-vertically-aligned-stretch ext-animate--on is-layout-flow wp-container-core-column-is-layout-119bc444 wp-block-column-is-layout-flow\">\n<div class=\"wp-block-media-text is-stacked-on-mobile is-image-fill-element is-style-ext-preset--media-text--natural-1--card-1 has-tertiary-background-color has-background is-style-ext-preset--media-text--natural-1--card-1--3\"><figure class=\"wp-block-media-text__media\"><img loading=\"lazy\" decoding=\"async\" width=\"1024\" height=\"1024\" src=\"https:\/\/fundacjafpa.pl\/wp-content\/uploads\/2026\/03\/EN-3-1024x1024.png\" alt=\"\" class=\"wp-image-239 size-full\" style=\"object-position:50% 50%\" srcset=\"https:\/\/fundacjafpa.pl\/wp-content\/uploads\/2026\/03\/EN-3-1024x1024.png 1024w, https:\/\/fundacjafpa.pl\/wp-content\/uploads\/2026\/03\/EN-3-300x300.png 300w, https:\/\/fundacjafpa.pl\/wp-content\/uploads\/2026\/03\/EN-3-150x150.png 150w, https:\/\/fundacjafpa.pl\/wp-content\/uploads\/2026\/03\/EN-3-768x768.png 768w, https:\/\/fundacjafpa.pl\/wp-content\/uploads\/2026\/03\/EN-3-1536x1536.png 1536w, https:\/\/fundacjafpa.pl\/wp-content\/uploads\/2026\/03\/EN-3-12x12.png 12w, https:\/\/fundacjafpa.pl\/wp-content\/uploads\/2026\/03\/EN-3.png 1654w\" sizes=\"auto, (max-width: 1024px) 100vw, 1024px\" \/><\/figure><div class=\"wp-block-media-text__content\">\n<div class=\"wp-block-group is-style-default has-global-padding is-layout-constrained wp-container-core-group-is-layout-9a7b35d3 wp-block-group-is-layout-constrained\" style=\"padding-top:var(--wp--preset--spacing--40);padding-right:var(--wp--preset--spacing--30);padding-bottom:var(--wp--preset--spacing--40);padding-left:var(--wp--preset--spacing--30)\">\n<h3 class=\"wp-block-heading\" style=\"font-size:clamp(15.747px, 0.984rem + ((1vw - 3.2px) * 0.86), 24px);\"><a href=\"https:\/\/fundacjafpa.pl\/jak-gramatyka-zmienia-nasze-poczucie-czasu-polski-aspekt-pod-lupa-eksperymentu\/\" title=\"Jad\u0142 vs. Zjad\u0142\">Jad\u0142 vs. Zjad\u0142<\/a><\/h3>\n\n\n\n<p class=\"has-small-font-size\">Niby to samo zdarzenie, a jednak nasz m\u00f3zg przypisuje im r\u00f3\u017cny czas trwania. Przeczytaj dlaczego!<\/p>\n<\/div>\n<\/div><\/div>\n<\/div>\n<\/div>\n\n\n\n<div class=\"wp-block-columns alignwide is-layout-flex wp-container-core-columns-is-layout-e12f0bcd wp-block-columns-is-layout-flex\" style=\"margin-top:var(--wp--preset--spacing--30)\">\n<div class=\"wp-block-column ext-animate--on is-layout-flow wp-container-core-column-is-layout-119bc444 wp-block-column-is-layout-flow\"><\/div>\n\n\n\n<div class=\"wp-block-column ext-animate--on is-layout-flow wp-container-core-column-is-layout-119bc444 wp-block-column-is-layout-flow\"><\/div>\n<\/div>\n<\/div>\n","protected":false},"excerpt":{"rendered":"<p>Popularyzacja nauki Nauka nie musi by\u0107 trudna ani niedost\u0119pna. W tej sekcji publikujemy interesuj\u0105ce artyku\u0142y popularnonaukowe, kt\u00f3re w przyst\u0119pny spos\u00f3b przybli\u017caj\u0105 zagadnienia z r\u00f3\u017cnych dziedzin wiedzy: od nauk \u015bcis\u0142ych i przyrodniczych, przez technologi\u0119, a\u017c po nauki spo\u0142eczne i humanistyczne. Naszym celem jest pokazanie, \u017ce odkrycia naukowe maj\u0105 realny wp\u0142yw na codzienne \u017cycie oraz mog\u0105 by\u0107 [&hellip;]<\/p>\n","protected":false},"author":1,"featured_media":0,"parent":41,"menu_order":0,"comment_status":"closed","ping_status":"closed","template":"page-with-title","meta":{"footnotes":""},"class_list":["post-225","page","type-page","status-publish","hentry"],"aioseo_notices":[],"_links":{"self":[{"href":"https:\/\/fundacjafpa.pl\/pl_pl\/wp-json\/wp\/v2\/pages\/225","targetHints":{"allow":["GET"]}}],"collection":[{"href":"https:\/\/fundacjafpa.pl\/pl_pl\/wp-json\/wp\/v2\/pages"}],"about":[{"href":"https:\/\/fundacjafpa.pl\/pl_pl\/wp-json\/wp\/v2\/types\/page"}],"author":[{"embeddable":true,"href":"https:\/\/fundacjafpa.pl\/pl_pl\/wp-json\/wp\/v2\/users\/1"}],"replies":[{"embeddable":true,"href":"https:\/\/fundacjafpa.pl\/pl_pl\/wp-json\/wp\/v2\/comments?post=225"}],"version-history":[{"count":5,"href":"https:\/\/fundacjafpa.pl\/pl_pl\/wp-json\/wp\/v2\/pages\/225\/revisions"}],"predecessor-version":[{"id":249,"href":"https:\/\/fundacjafpa.pl\/pl_pl\/wp-json\/wp\/v2\/pages\/225\/revisions\/249"}],"up":[{"embeddable":true,"href":"https:\/\/fundacjafpa.pl\/pl_pl\/wp-json\/wp\/v2\/pages\/41"}],"wp:attachment":[{"href":"https:\/\/fundacjafpa.pl\/pl_pl\/wp-json\/wp\/v2\/media?parent=225"}],"curies":[{"name":"wp","href":"https:\/\/api.w.org\/{rel}","templated":true}]}}